{"id":308,"date":"2016-06-28T01:40:45","date_gmt":"2016-06-28T00:40:45","guid":{"rendered":"https:\/\/the7.io\/construction\/?page_id=308"},"modified":"2024-04-18T19:52:55","modified_gmt":"2024-04-18T16:52:55","slug":"iletisim","status":"publish","type":"page","link":"https:\/\/www.erza.com.tr\/fr\/iletisim\/","title":{"rendered":"Contact"},"content":{"rendered":"<div class=\"wpb-content-wrapper\"><div class=\"vc_row wpb_row vc_row-fluid vc_custom_1578745920592 vc_row-o-content-top vc_row-flex\"><div class=\"wpb_column vc_column_container vc_col-sm-6 vc_col-lg-4 vc_col-md-4\"><div class=\"vc_column-inner\"><div class=\"wpb_wrapper\"><style type=\"text\/css\" data-type=\"the7_shortcodes-inline-css\">.icon-with-text-shortcode.icon-text-id-073c75bcd9a4269ab9ba99be7a03f83e .text-icon {\n  width: 24px;\n  height: 24px;\n  line-height: 24px;\n  font-size: 24px;\n  border-radius: 0px;\n  margin: 0px 10px 10px 0px;\n}\n.icon-with-text-shortcode.icon-text-id-073c75bcd9a4269ab9ba99be7a03f83e .text-icon .icon-inner {\n  min-width: 24px;\n  min-height: 24px;\n  border-radius: 0px;\n}\n@media all and (-ms-high-contrast: none) {\n  .icon-with-text-shortcode.icon-text-id-073c75bcd9a4269ab9ba99be7a03f83e .text-icon .icon-inner {\n    height: 24px;\n  }\n}\n.icon-with-text-shortcode.icon-text-id-073c75bcd9a4269ab9ba99be7a03f83e .text-icon .dt-hover-icon {\n  line-height: 24px;\n}\n.icon-with-text-shortcode.icon-text-id-073c75bcd9a4269ab9ba99be7a03f83e .text-icon:before,\n.icon-with-text-shortcode.icon-text-id-073c75bcd9a4269ab9ba99be7a03f83e .text-icon:after,\n.icon-with-text-shortcode.icon-text-id-073c75bcd9a4269ab9ba99be7a03f83e .text-icon .icon-inner:before,\n.icon-with-text-shortcode.icon-text-id-073c75bcd9a4269ab9ba99be7a03f83e .text-icon .icon-inner:after {\n  min-width: 100%;\n  min-height: 100%;\n  padding: inherit;\n  border-radius: inherit;\n}\n.icon-with-text-shortcode.icon-text-id-073c75bcd9a4269ab9ba99be7a03f83e .text-icon.dt-icon-border-on:before {\n  border-width: 0px;\n  border-style: solid;\n  border-color: ;\n}\n.dt-icon-border-dashed.icon-with-text-shortcode.icon-text-id-073c75bcd9a4269ab9ba99be7a03f83e .text-icon.dt-icon-border-on:before {\n  border-style: dashed;\n}\n.dt-icon-border-dotted.icon-with-text-shortcode.icon-text-id-073c75bcd9a4269ab9ba99be7a03f83e .text-icon.dt-icon-border-on:before {\n  border-style: dotted;\n}\n.dt-icon-border-double.icon-with-text-shortcode.icon-text-id-073c75bcd9a4269ab9ba99be7a03f83e .text-icon.dt-icon-border-on:before {\n  border-style: double;\n}\n.icon-with-text-shortcode.icon-text-id-073c75bcd9a4269ab9ba99be7a03f83e .text-icon.dt-icon-border-dashed.dt-icon-border-on:before {\n  border-style: dashed;\n}\n.icon-with-text-shortcode.icon-text-id-073c75bcd9a4269ab9ba99be7a03f83e .text-icon.dt-icon-border-dotted.dt-icon-border-on:before {\n  border-style: dotted;\n}\n.icon-with-text-shortcode.icon-text-id-073c75bcd9a4269ab9ba99be7a03f83e .text-icon.dt-icon-border-double.dt-icon-border-on:before {\n  border-style: double;\n}\n.icon-with-text-shortcode.icon-text-id-073c75bcd9a4269ab9ba99be7a03f83e .text-icon.dt-icon-hover-border-on:after {\n  border-width: 0px;\n  border-style: solid;\n  border-color: ;\n}\n.icon-with-text-shortcode.icon-text-id-073c75bcd9a4269ab9ba99be7a03f83e .text-icon.dt-icon-border-dashed.dt-icon-hover-border-on:after {\n  border-style: dashed;\n}\n.icon-with-text-shortcode.icon-text-id-073c75bcd9a4269ab9ba99be7a03f83e .text-icon.dt-icon-border-dotted.dt-icon-hover-border-on:after {\n  border-style: dotted;\n}\n.icon-with-text-shortcode.icon-text-id-073c75bcd9a4269ab9ba99be7a03f83e .text-icon.dt-icon-border-double.dt-icon-hover-border-on:after {\n  border-style: double;\n}\n.icon-with-text-shortcode.icon-text-id-073c75bcd9a4269ab9ba99be7a03f83e .text-icon.dt-icon-hover-on:hover {\n  font-size: 24px;\n}\n#page .icon-with-text-shortcode.icon-text-id-073c75bcd9a4269ab9ba99be7a03f83e .text-icon.dt-icon-hover-on:hover .soc-font-icon,\n#phantom .icon-with-text-shortcode.icon-text-id-073c75bcd9a4269ab9ba99be7a03f83e .text-icon.dt-icon-hover-on:hover .soc-font-icon,\n#page .icon-with-text-shortcode.icon-text-id-073c75bcd9a4269ab9ba99be7a03f83e .text-icon.dt-icon-hover-on:hover .soc-icon,\n#phantom .icon-with-text-shortcode.icon-text-id-073c75bcd9a4269ab9ba99be7a03f83e .text-icon.dt-icon-hover-on:hover .soc-icon {\n  color: #fff;\n  background: none;\n}\n.icon-with-text-shortcode.icon-text-id-073c75bcd9a4269ab9ba99be7a03f83e.layout-1 {\n  grid-template-columns: 24px minmax(0,1fr);\n  grid-column-gap: 10px;\n}\n.icon-with-text-shortcode.icon-text-id-073c75bcd9a4269ab9ba99be7a03f83e.layout-2 {\n  grid-template-columns: minmax(0,1fr) 24px;\n  grid-column-gap: 0px;\n}\n.icon-with-text-shortcode.icon-text-id-073c75bcd9a4269ab9ba99be7a03f83e.layout-2 .text-icon {\n  margin-left: 0;\n}\n.icon-with-text-shortcode.icon-text-id-073c75bcd9a4269ab9ba99be7a03f83e.layout-3 {\n  grid-template-columns: 24px minmax(0,1fr);\n}\n.icon-with-text-shortcode.icon-text-id-073c75bcd9a4269ab9ba99be7a03f83e.layout-3 .dt-text-title {\n  margin-left: 10px;\n}\n.icon-with-text-shortcode.icon-text-id-073c75bcd9a4269ab9ba99be7a03f83e .dt-text-title,\n.icon-with-text-shortcode.icon-text-id-073c75bcd9a4269ab9ba99be7a03f83e .dt-text-title a {\n  font-weight: bold;\n}\n.icon-with-text-shortcode.icon-text-id-073c75bcd9a4269ab9ba99be7a03f83e .dt-text-title {\n  margin-bottom: 10px;\n}\n.icon-with-text-shortcode.icon-text-id-073c75bcd9a4269ab9ba99be7a03f83e .dt-text-desc {\n  margin-bottom: 0px;\n  font-size: 16px;\n  line-height: 28px;\n}\n.icon-with-text-shortcode.icon-text-id-073c75bcd9a4269ab9ba99be7a03f83e .default-btn-shortcode * {\n  vertical-align: middle;\n}\n<\/style><div class=\"icon-with-text-shortcode  icon-text-id-073c75bcd9a4269ab9ba99be7a03f83e layout-3  vc_custom_1598266984367\" ><span   class=\"text-icon dt-icon-bg-off dt-icon-hover-off\" ><span class=\"icon-inner\"><i class=\"dt-regular-icon soc-icon icomoon-the7-font-the7-map-07\"><\/i><i class=\"dt-hover-icon soc-icon icomoon-the7-font-the7-map-07\"><\/i><\/span><\/span><h5 class=\"dt-text-title\"  >Adresse<\/h5><div class=\"dt-text-desc\">Erza Gayrimenkul Yat\u0131r\u0131m Turizm Sanayi Ticaret Ltd \u015eti<br \/>\nK\u00fc\u00e7\u00fckbakkalk\u00f6y Mah. Altay Sk No:7\/4 Ata\u015fehir\/\u0130stanbul<\/div><\/div><\/div><\/div><\/div><div class=\"wpb_column vc_column_container vc_col-sm-6 vc_col-lg-4 vc_col-md-4\"><div class=\"vc_column-inner\"><div class=\"wpb_wrapper\"><style type=\"text\/css\" data-type=\"the7_shortcodes-inline-css\">.icon-with-text-shortcode.icon-text-id-7e4ddae64524a54ed41439266afc1367 .text-icon {\n  width: 24px;\n  height: 24px;\n  line-height: 24px;\n  font-size: 24px;\n  border-radius: 0px;\n  margin: 0px 10px 10px 0px;\n}\n.icon-with-text-shortcode.icon-text-id-7e4ddae64524a54ed41439266afc1367 .text-icon .icon-inner {\n  min-width: 24px;\n  min-height: 24px;\n  border-radius: 0px;\n}\n@media all and (-ms-high-contrast: none) {\n  .icon-with-text-shortcode.icon-text-id-7e4ddae64524a54ed41439266afc1367 .text-icon .icon-inner {\n    height: 24px;\n  }\n}\n.icon-with-text-shortcode.icon-text-id-7e4ddae64524a54ed41439266afc1367 .text-icon .dt-hover-icon {\n  line-height: 24px;\n}\n.icon-with-text-shortcode.icon-text-id-7e4ddae64524a54ed41439266afc1367 .text-icon:before,\n.icon-with-text-shortcode.icon-text-id-7e4ddae64524a54ed41439266afc1367 .text-icon:after,\n.icon-with-text-shortcode.icon-text-id-7e4ddae64524a54ed41439266afc1367 .text-icon .icon-inner:before,\n.icon-with-text-shortcode.icon-text-id-7e4ddae64524a54ed41439266afc1367 .text-icon .icon-inner:after {\n  min-width: 100%;\n  min-height: 100%;\n  padding: inherit;\n  border-radius: inherit;\n}\n.icon-with-text-shortcode.icon-text-id-7e4ddae64524a54ed41439266afc1367 .text-icon.dt-icon-border-on:before {\n  border-width: 0px;\n  border-style: solid;\n  border-color: ;\n}\n.dt-icon-border-dashed.icon-with-text-shortcode.icon-text-id-7e4ddae64524a54ed41439266afc1367 .text-icon.dt-icon-border-on:before {\n  border-style: dashed;\n}\n.dt-icon-border-dotted.icon-with-text-shortcode.icon-text-id-7e4ddae64524a54ed41439266afc1367 .text-icon.dt-icon-border-on:before {\n  border-style: dotted;\n}\n.dt-icon-border-double.icon-with-text-shortcode.icon-text-id-7e4ddae64524a54ed41439266afc1367 .text-icon.dt-icon-border-on:before {\n  border-style: double;\n}\n.icon-with-text-shortcode.icon-text-id-7e4ddae64524a54ed41439266afc1367 .text-icon.dt-icon-border-dashed.dt-icon-border-on:before {\n  border-style: dashed;\n}\n.icon-with-text-shortcode.icon-text-id-7e4ddae64524a54ed41439266afc1367 .text-icon.dt-icon-border-dotted.dt-icon-border-on:before {\n  border-style: dotted;\n}\n.icon-with-text-shortcode.icon-text-id-7e4ddae64524a54ed41439266afc1367 .text-icon.dt-icon-border-double.dt-icon-border-on:before {\n  border-style: double;\n}\n.icon-with-text-shortcode.icon-text-id-7e4ddae64524a54ed41439266afc1367 .text-icon.dt-icon-hover-border-on:after {\n  border-width: 0px;\n  border-style: solid;\n  border-color: ;\n}\n.icon-with-text-shortcode.icon-text-id-7e4ddae64524a54ed41439266afc1367 .text-icon.dt-icon-border-dashed.dt-icon-hover-border-on:after {\n  border-style: dashed;\n}\n.icon-with-text-shortcode.icon-text-id-7e4ddae64524a54ed41439266afc1367 .text-icon.dt-icon-border-dotted.dt-icon-hover-border-on:after {\n  border-style: dotted;\n}\n.icon-with-text-shortcode.icon-text-id-7e4ddae64524a54ed41439266afc1367 .text-icon.dt-icon-border-double.dt-icon-hover-border-on:after {\n  border-style: double;\n}\n.icon-with-text-shortcode.icon-text-id-7e4ddae64524a54ed41439266afc1367 .text-icon.dt-icon-hover-on:hover {\n  font-size: 24px;\n}\n#page .icon-with-text-shortcode.icon-text-id-7e4ddae64524a54ed41439266afc1367 .text-icon.dt-icon-hover-on:hover .soc-font-icon,\n#phantom .icon-with-text-shortcode.icon-text-id-7e4ddae64524a54ed41439266afc1367 .text-icon.dt-icon-hover-on:hover .soc-font-icon,\n#page .icon-with-text-shortcode.icon-text-id-7e4ddae64524a54ed41439266afc1367 .text-icon.dt-icon-hover-on:hover .soc-icon,\n#phantom .icon-with-text-shortcode.icon-text-id-7e4ddae64524a54ed41439266afc1367 .text-icon.dt-icon-hover-on:hover .soc-icon {\n  color: #fff;\n  background: none;\n}\n.icon-with-text-shortcode.icon-text-id-7e4ddae64524a54ed41439266afc1367.layout-1 {\n  grid-template-columns: 24px minmax(0,1fr);\n  grid-column-gap: 10px;\n}\n.icon-with-text-shortcode.icon-text-id-7e4ddae64524a54ed41439266afc1367.layout-2 {\n  grid-template-columns: minmax(0,1fr) 24px;\n  grid-column-gap: 0px;\n}\n.icon-with-text-shortcode.icon-text-id-7e4ddae64524a54ed41439266afc1367.layout-2 .text-icon {\n  margin-left: 0;\n}\n.icon-with-text-shortcode.icon-text-id-7e4ddae64524a54ed41439266afc1367.layout-3 {\n  grid-template-columns: 24px minmax(0,1fr);\n}\n.icon-with-text-shortcode.icon-text-id-7e4ddae64524a54ed41439266afc1367.layout-3 .dt-text-title {\n  margin-left: 10px;\n}\n.icon-with-text-shortcode.icon-text-id-7e4ddae64524a54ed41439266afc1367 .dt-text-title,\n.icon-with-text-shortcode.icon-text-id-7e4ddae64524a54ed41439266afc1367 .dt-text-title a {\n  font-weight: bold;\n}\n.icon-with-text-shortcode.icon-text-id-7e4ddae64524a54ed41439266afc1367 .dt-text-title {\n  margin-bottom: 10px;\n}\n.icon-with-text-shortcode.icon-text-id-7e4ddae64524a54ed41439266afc1367 .dt-text-desc {\n  margin-bottom: 0px;\n  font-size: 16px;\n  line-height: 28px;\n}\n.icon-with-text-shortcode.icon-text-id-7e4ddae64524a54ed41439266afc1367 .default-btn-shortcode * {\n  vertical-align: middle;\n}\n<\/style><div class=\"icon-with-text-shortcode  icon-text-id-7e4ddae64524a54ed41439266afc1367 layout-3  vc_custom_1598353353403\" ><span   class=\"text-icon dt-icon-bg-off dt-icon-hover-off\" ><span class=\"icon-inner\"><i class=\"dt-regular-icon soc-icon icomoon-the7-font-the7-phone-04\"><\/i><i class=\"dt-hover-icon soc-icon icomoon-the7-font-the7-phone-04\"><\/i><\/span><\/span><h5 class=\"dt-text-title\"  >T\u00e9l\u00e9phone<\/h5><div class=\"dt-text-desc\">+90 532 274 79 18<\/div><\/div><\/div><\/div><\/div><div class=\"wpb_column vc_column_container vc_col-sm-6 vc_col-lg-4 vc_col-md-4\"><div class=\"vc_column-inner\"><div class=\"wpb_wrapper\"><style type=\"text\/css\" data-type=\"the7_shortcodes-inline-css\">.icon-with-text-shortcode.icon-text-id-be7c7e4dd9d5cd3b0b4dbe3756031d7e .text-icon {\n  width: 24px;\n  height: 24px;\n  line-height: 24px;\n  font-size: 24px;\n  border-radius: 0px;\n  margin: 0px 10px 10px 0px;\n}\n.icon-with-text-shortcode.icon-text-id-be7c7e4dd9d5cd3b0b4dbe3756031d7e .text-icon .icon-inner {\n  min-width: 24px;\n  min-height: 24px;\n  border-radius: 0px;\n}\n@media all and (-ms-high-contrast: none) {\n  .icon-with-text-shortcode.icon-text-id-be7c7e4dd9d5cd3b0b4dbe3756031d7e .text-icon .icon-inner {\n    height: 24px;\n  }\n}\n.icon-with-text-shortcode.icon-text-id-be7c7e4dd9d5cd3b0b4dbe3756031d7e .text-icon .dt-hover-icon {\n  line-height: 24px;\n}\n.icon-with-text-shortcode.icon-text-id-be7c7e4dd9d5cd3b0b4dbe3756031d7e .text-icon:before,\n.icon-with-text-shortcode.icon-text-id-be7c7e4dd9d5cd3b0b4dbe3756031d7e .text-icon:after,\n.icon-with-text-shortcode.icon-text-id-be7c7e4dd9d5cd3b0b4dbe3756031d7e .text-icon .icon-inner:before,\n.icon-with-text-shortcode.icon-text-id-be7c7e4dd9d5cd3b0b4dbe3756031d7e .text-icon .icon-inner:after {\n  min-width: 100%;\n  min-height: 100%;\n  padding: inherit;\n  border-radius: inherit;\n}\n.icon-with-text-shortcode.icon-text-id-be7c7e4dd9d5cd3b0b4dbe3756031d7e .text-icon.dt-icon-border-on:before {\n  border-width: 0px;\n  border-style: solid;\n  border-color: ;\n}\n.dt-icon-border-dashed.icon-with-text-shortcode.icon-text-id-be7c7e4dd9d5cd3b0b4dbe3756031d7e .text-icon.dt-icon-border-on:before {\n  border-style: dashed;\n}\n.dt-icon-border-dotted.icon-with-text-shortcode.icon-text-id-be7c7e4dd9d5cd3b0b4dbe3756031d7e .text-icon.dt-icon-border-on:before {\n  border-style: dotted;\n}\n.dt-icon-border-double.icon-with-text-shortcode.icon-text-id-be7c7e4dd9d5cd3b0b4dbe3756031d7e .text-icon.dt-icon-border-on:before {\n  border-style: double;\n}\n.icon-with-text-shortcode.icon-text-id-be7c7e4dd9d5cd3b0b4dbe3756031d7e .text-icon.dt-icon-border-dashed.dt-icon-border-on:before {\n  border-style: dashed;\n}\n.icon-with-text-shortcode.icon-text-id-be7c7e4dd9d5cd3b0b4dbe3756031d7e .text-icon.dt-icon-border-dotted.dt-icon-border-on:before {\n  border-style: dotted;\n}\n.icon-with-text-shortcode.icon-text-id-be7c7e4dd9d5cd3b0b4dbe3756031d7e .text-icon.dt-icon-border-double.dt-icon-border-on:before {\n  border-style: double;\n}\n.icon-with-text-shortcode.icon-text-id-be7c7e4dd9d5cd3b0b4dbe3756031d7e .text-icon.dt-icon-hover-border-on:after {\n  border-width: 0px;\n  border-style: solid;\n  border-color: ;\n}\n.icon-with-text-shortcode.icon-text-id-be7c7e4dd9d5cd3b0b4dbe3756031d7e .text-icon.dt-icon-border-dashed.dt-icon-hover-border-on:after {\n  border-style: dashed;\n}\n.icon-with-text-shortcode.icon-text-id-be7c7e4dd9d5cd3b0b4dbe3756031d7e .text-icon.dt-icon-border-dotted.dt-icon-hover-border-on:after {\n  border-style: dotted;\n}\n.icon-with-text-shortcode.icon-text-id-be7c7e4dd9d5cd3b0b4dbe3756031d7e .text-icon.dt-icon-border-double.dt-icon-hover-border-on:after {\n  border-style: double;\n}\n.icon-with-text-shortcode.icon-text-id-be7c7e4dd9d5cd3b0b4dbe3756031d7e .text-icon.dt-icon-hover-on:hover {\n  font-size: 24px;\n}\n#page .icon-with-text-shortcode.icon-text-id-be7c7e4dd9d5cd3b0b4dbe3756031d7e .text-icon.dt-icon-hover-on:hover .soc-font-icon,\n#phantom .icon-with-text-shortcode.icon-text-id-be7c7e4dd9d5cd3b0b4dbe3756031d7e .text-icon.dt-icon-hover-on:hover .soc-font-icon,\n#page .icon-with-text-shortcode.icon-text-id-be7c7e4dd9d5cd3b0b4dbe3756031d7e .text-icon.dt-icon-hover-on:hover .soc-icon,\n#phantom .icon-with-text-shortcode.icon-text-id-be7c7e4dd9d5cd3b0b4dbe3756031d7e .text-icon.dt-icon-hover-on:hover .soc-icon {\n  color: #fff;\n  background: none;\n}\n.icon-with-text-shortcode.icon-text-id-be7c7e4dd9d5cd3b0b4dbe3756031d7e.layout-1 {\n  grid-template-columns: 24px minmax(0,1fr);\n  grid-column-gap: 10px;\n}\n.icon-with-text-shortcode.icon-text-id-be7c7e4dd9d5cd3b0b4dbe3756031d7e.layout-2 {\n  grid-template-columns: minmax(0,1fr) 24px;\n  grid-column-gap: 0px;\n}\n.icon-with-text-shortcode.icon-text-id-be7c7e4dd9d5cd3b0b4dbe3756031d7e.layout-2 .text-icon {\n  margin-left: 0;\n}\n.icon-with-text-shortcode.icon-text-id-be7c7e4dd9d5cd3b0b4dbe3756031d7e.layout-3 {\n  grid-template-columns: 24px minmax(0,1fr);\n}\n.icon-with-text-shortcode.icon-text-id-be7c7e4dd9d5cd3b0b4dbe3756031d7e.layout-3 .dt-text-title {\n  margin-left: 10px;\n}\n.icon-with-text-shortcode.icon-text-id-be7c7e4dd9d5cd3b0b4dbe3756031d7e .dt-text-title,\n.icon-with-text-shortcode.icon-text-id-be7c7e4dd9d5cd3b0b4dbe3756031d7e .dt-text-title a {\n  font-weight: bold;\n}\n.icon-with-text-shortcode.icon-text-id-be7c7e4dd9d5cd3b0b4dbe3756031d7e .dt-text-title {\n  margin-bottom: 10px;\n}\n.icon-with-text-shortcode.icon-text-id-be7c7e4dd9d5cd3b0b4dbe3756031d7e .dt-text-desc {\n  margin-bottom: 0px;\n  font-size: 16px;\n  line-height: 28px;\n}\n.icon-with-text-shortcode.icon-text-id-be7c7e4dd9d5cd3b0b4dbe3756031d7e .default-btn-shortcode * {\n  vertical-align: middle;\n}\n<\/style><div class=\"icon-with-text-shortcode  icon-text-id-be7c7e4dd9d5cd3b0b4dbe3756031d7e layout-3  vc_custom_1598267272183\" ><span   class=\"text-icon dt-icon-bg-off dt-icon-hover-off\" ><span class=\"icon-inner\"><i class=\"dt-regular-icon soc-icon icomoon-the7-font-the7-phone-04\"><\/i><i class=\"dt-hover-icon soc-icon icomoon-the7-font-the7-phone-04\"><\/i><\/span><\/span><h5 class=\"dt-text-title\"  >Email<\/h5><div class=\"dt-text-desc\">info@erza.com.tr<\/div><\/div><\/div><\/div><\/div><\/div><div class=\"vc_row wpb_row vc_row-fluid vc_custom_1495106084943 vc_column-gap-30 vc_row-o-equal-height vc_row-flex\"><div class=\"wpb_column vc_column_container vc_col-sm-4 vc_col-lg-offset-0 vc_col-lg-6 vc_col-md-offset-0 vc_col-md-6 vc_col-sm-offset-0 vc_col-has-fill\"><div class=\"vc_column-inner vc_custom_1495106016533\"><div class=\"wpb_wrapper\"><div id=\"ultimate-heading-565169e4d74ec7c79\" class=\"uvc-heading ult-adjust-bottom-margin ultimate-heading-565169e4d74ec7c79 uvc-6484\" data-hspacer=\"no_spacer\"  data-halign=\"left\" style=\"text-align:left\"><div class=\"uvc-heading-spacer no_spacer\" style=\"top\"><\/div><div class=\"uvc-main-heading ult-responsive\"  data-ultimate-target='.uvc-heading.ultimate-heading-565169e4d74ec7c79 h2'  data-responsive-json-new='{\"font-size\":\"desktop:26px;\",\"line-height\":\"desktop:36px;\"}' ><h2 style=\"font-weight:bold;margin-bottom:30px;\">Pour directions<\/h2><\/div><\/div>\n\t<div class=\"wpb_raw_code wpb_raw_html wpb_content_element\" >\n\t\t<div class=\"wpb_wrapper\">\n\t\t\t<iframe src=\"https:\/\/www.google.com\/maps\/embed?pb=!1m18!1m12!1m3!1d752.9409804745129!2d29.126057829202843!3d40.98665001105615!2m3!1f0!2f0!3f0!3m2!1i1024!2i768!4f13.1!3m3!1m2!1s0x0%3A0x0!2zNDDCsDU5JzExLjkiTiAyOcKwMDcnMzUuOCJF!5e0!3m2!1str!2str!4v1598268374153!5m2!1str!2str\" width=\"600\" height=\"450\" frameborder=\"0\" style=\"border:0;\" allowfullscreen=\"\" aria-hidden=\"false\" tabindex=\"0\"><\/iframe>\n\t\t<\/div>\n\t<\/div>\n<\/div><\/div><\/div><\/div>\n<\/div>","protected":false},"excerpt":{"rendered":"<p>AdresErza Gayrimenkul Yat\u0131r\u0131m Turizm Sanayi Ticaret Ltd \u015eti K\u00fc\u00e7\u00fckbakkalk\u00f6y Mah. Altay Sk No:7\/4 Ata\u015fehir\/\u0130stanbulTelefon+90 532 274 79 18Emailinfo@erza.com.trAdres Tarifi<\/p>","protected":false},"author":1,"featured_media":0,"parent":0,"menu_order":4,"comment_status":"closed","ping_status":"closed","template":"","meta":[],"_links":{"self":[{"href":"https:\/\/www.erza.com.tr\/fr\/wp-json\/wp\/v2\/pages\/308"}],"collection":[{"href":"https:\/\/www.erza.com.tr\/fr\/wp-json\/wp\/v2\/pages"}],"about":[{"href":"https:\/\/www.erza.com.tr\/fr\/wp-json\/wp\/v2\/types\/page"}],"author":[{"embeddable":true,"href":"https:\/\/www.erza.com.tr\/fr\/wp-json\/wp\/v2\/users\/1"}],"replies":[{"embeddable":true,"href":"https:\/\/www.erza.com.tr\/fr\/wp-json\/wp\/v2\/comments?post=308"}],"version-history":[{"count":12,"href":"https:\/\/www.erza.com.tr\/fr\/wp-json\/wp\/v2\/pages\/308\/revisions"}],"predecessor-version":[{"id":1355,"href":"https:\/\/www.erza.com.tr\/fr\/wp-json\/wp\/v2\/pages\/308\/revisions\/1355"}],"wp:attachment":[{"href":"https:\/\/www.erza.com.tr\/fr\/wp-json\/wp\/v2\/media?parent=308"}],"curies":[{"name":"wp","href":"https:\/\/api.w.org\/{rel}","templated":true}]}}