{"id":1207,"date":"2016-06-14T01:53:06","date_gmt":"2016-06-14T00:53:06","guid":{"rendered":"https:\/\/the7.io\/construction\/?page_id=2"},"modified":"2020-09-05T17:26:58","modified_gmt":"2020-09-05T14:26:58","slug":"home","status":"publish","type":"page","link":"https:\/\/www.erza.com.tr\/fr\/","title":{"rendered":"page d'accueil"},"content":{"rendered":"<div class=\"wpb-content-wrapper\"><div class=\"vc_row wpb_row vc_row-fluid vc_custom_1493832879938 vc_row-o-equal-height vc_row-flex\"><div class=\"wpb_column vc_column_container vc_col-sm-12\"><div class=\"vc_column-inner\"><div class=\"wpb_wrapper\"><div id=\"ultimate-heading-341669e4c62fbc93a\" class=\"uvc-heading ult-adjust-bottom-margin ultimate-heading-341669e4c62fbc93a uvc-7325 accent-border-color red-border\" data-hspacer=\"line_only\"  data-halign=\"left\" style=\"text-align:left\"><div class=\"uvc-main-heading ult-responsive\"  data-ultimate-target='.uvc-heading.ultimate-heading-341669e4c62fbc93a h2'  data-responsive-json-new='{\"font-size\":\"desktop:26px;\",\"line-height\":\"desktop:36px;\"}' ><h2 style=\"font-weight:bold;\">Prestations de service<\/h2><\/div><div class=\"uvc-heading-spacer line_only\" style=\"margin-top:15px;margin-bottom:50px;height:4px;\"><span class=\"uvc-headings-line\" style=\"border-style:solid;border-bottom-width:4px;border-color:#dd3333;width:50px;\"><\/span><\/div><\/div><\/div><\/div><\/div><div class=\"wpb_column vc_column_container vc_col-sm-4\"><div class=\"vc_column-inner vc_custom_1493730770993\"><div class=\"wpb_wrapper\"><style type=\"text\/css\" data-type=\"the7_shortcodes-inline-css\">.shortcode-single-image-wrap.shortcode-single-image-7cb1a78981e8e3e50dfaaa92d7050c1c.enable-bg-rollover .rollover i,\n.shortcode-single-image-wrap.shortcode-single-image-7cb1a78981e8e3e50dfaaa92d7050c1c.enable-bg-rollover .rollover-video i {\n  background: ;\n  background: -webkit-linear-gradient();\n  background: linear-gradient();\n}\n.shortcode-single-image-wrap.shortcode-single-image-7cb1a78981e8e3e50dfaaa92d7050c1c .rollover-icon {\n  font-size: 32px;\n  color: #ffffff;\n  min-width: 44px;\n  min-height: 44px;\n  line-height: 44px;\n  border-radius: 100px;\n  border-style: solid;\n  border-width: 0px;\n}\n.dt-icon-bg-on.shortcode-single-image-wrap.shortcode-single-image-7cb1a78981e8e3e50dfaaa92d7050c1c .rollover-icon {\n  background: rgba(255,255,255,0.3);\n  box-shadow: none;\n}\n<\/style><div class=\"shortcode-single-image-wrap shortcode-single-image-7cb1a78981e8e3e50dfaaa92d7050c1c alignnone  vc_custom_1599313105300 enable-bg-rollover dt-icon-bg-off\" ><div class=\"shortcode-single-image\"><div class=\"fancy-media-wrap\" style=\"\"><a href=\"#\" class=\"layzr-bg rollover\" style=\"\" aria-label=\"Image\"><img class=\"preload-me lazy-load\" src=\"data:image\/svg+xml,%3Csvg%20xmlns%3D&#39;http%3A%2F%2Fwww.w3.org%2F2000%2Fsvg&#39;%20viewBox%3D&#39;0%200%20900%20600&#39;%2F%3E\" data-src=\"https:\/\/www.erza.com.tr\/wp-content\/uploads\/2020\/09\/1247187910-scaled-2-900x600.jpg\" data-srcset=\"https:\/\/www.erza.com.tr\/wp-content\/uploads\/2020\/09\/1247187910-scaled-2-900x600.jpg 900w, https:\/\/www.erza.com.tr\/wp-content\/uploads\/2020\/09\/1247187910-scaled-2.jpg 1440w\" width=\"900\" height=\"600\"  data-dt-location=\"https:\/\/www.erza.com.tr\/fr\/home\/1247187910-scaled-2\/\" alt=\"\" \/><\/a><\/div><\/div><\/div><div id=\"ultimate-heading-875569e4c62fc4c1e\" class=\"uvc-heading ult-adjust-bottom-margin ultimate-heading-875569e4c62fc4c1e uvc-8015\" data-hspacer=\"no_spacer\"  data-halign=\"left\" style=\"text-align:left\"><div class=\"uvc-heading-spacer no_spacer\" style=\"top\"><\/div><div class=\"uvc-main-heading ult-responsive\"  data-ultimate-target='.uvc-heading.ultimate-heading-875569e4c62fc4c1e h3'  data-responsive-json-new='{\"font-size\":\"desktop:18px;\",\"line-height\":\"desktop:28px;\"}' ><h3 style=\"font-weight:bold;margin-bottom:10px;\">Contrats de construction<\/h3><\/div><\/div>\n\t<div class=\"wpb_text_column wpb_content_element  vc_custom_1598189531749\" >\n\t\t<div class=\"wpb_wrapper\">\n\t\t\t\n\t\t<\/div>\n\t<\/div>\n<style type=\"text\/css\" data-type=\"the7_shortcodes-inline-css\">#default-btn-b9e7840e326d0857ef8fc3ca6e4d6fdc.ico-right-side > i {\n  margin-right: 0px;\n  margin-left: 8px;\n}\n#default-btn-b9e7840e326d0857ef8fc3ca6e4d6fdc > i {\n  margin-right: 8px;\n}\n#default-btn-b9e7840e326d0857ef8fc3ca6e4d6fdc * {\n  vertical-align: middle;\n}\n<\/style><a href=\"https:\/\/www.erza.com.tr\/fr\/hizmetlerimiz\/\" class=\"default-btn-shortcode dt-btn dt-btn-s link-hover-off red-button btn-inline-left\" id=\"default-btn-b9e7840e326d0857ef8fc3ca6e4d6fdc\" title=\"Prestations de service\"><span>Prestations de service<\/span><\/a><\/div><\/div><\/div><div class=\"wpb_column vc_column_container vc_col-sm-4\"><div class=\"vc_column-inner vc_custom_1493730766899\"><div class=\"wpb_wrapper\"><style type=\"text\/css\" data-type=\"the7_shortcodes-inline-css\">.shortcode-single-image-wrap.shortcode-single-image-1b7b69cb7ae8923e414f671a3d781296.enable-bg-rollover .rollover i,\n.shortcode-single-image-wrap.shortcode-single-image-1b7b69cb7ae8923e414f671a3d781296.enable-bg-rollover .rollover-video i {\n  background: ;\n  background: -webkit-linear-gradient();\n  background: linear-gradient();\n}\n.shortcode-single-image-wrap.shortcode-single-image-1b7b69cb7ae8923e414f671a3d781296 .rollover-icon {\n  font-size: 32px;\n  color: #ffffff;\n  min-width: 44px;\n  min-height: 44px;\n  line-height: 44px;\n  border-radius: 100px;\n  border-style: solid;\n  border-width: 0px;\n}\n.dt-icon-bg-on.shortcode-single-image-wrap.shortcode-single-image-1b7b69cb7ae8923e414f671a3d781296 .rollover-icon {\n  background: rgba(255,255,255,0.3);\n  box-shadow: none;\n}\n<\/style><div class=\"shortcode-single-image-wrap shortcode-single-image-1b7b69cb7ae8923e414f671a3d781296 alignnone  vc_custom_1599310835241 enable-bg-rollover dt-icon-bg-off\" ><div class=\"shortcode-single-image\"><div class=\"fancy-media-wrap\" style=\"\"><a href=\"#\" class=\"layzr-bg rollover\" style=\"\" aria-label=\"Image\"><img class=\"preload-me lazy-load\" src=\"data:image\/svg+xml,%3Csvg%20xmlns%3D&#39;http%3A%2F%2Fwww.w3.org%2F2000%2Fsvg&#39;%20viewBox%3D&#39;0%200%20564%20376&#39;%2F%3E\" data-src=\"https:\/\/www.erza.com.tr\/wp-content\/uploads\/2020\/09\/WhatsApp-Image-2020-09-05-at-15.51.35-2.jpeg\" data-srcset=\"https:\/\/www.erza.com.tr\/wp-content\/uploads\/2020\/09\/WhatsApp-Image-2020-09-05-at-15.51.35-2.jpeg 564w\" width=\"564\" height=\"376\"  data-dt-location=\"https:\/\/www.erza.com.tr\/fr\/home\/whatsapp-image-2020-09-05-at-15-51-35-2\/\" alt=\"\" \/><\/a><\/div><\/div><\/div><div id=\"ultimate-heading-546469e4c62fc6fa2\" class=\"uvc-heading ult-adjust-bottom-margin ultimate-heading-546469e4c62fc6fa2 uvc-8207\" data-hspacer=\"no_spacer\"  data-halign=\"left\" style=\"text-align:left\"><div class=\"uvc-heading-spacer no_spacer\" style=\"top\"><\/div><div class=\"uvc-main-heading ult-responsive\"  data-ultimate-target='.uvc-heading.ultimate-heading-546469e4c62fc6fa2 h3'  data-responsive-json-new='{\"font-size\":\"desktop:18px;\",\"line-height\":\"desktop:28px;\"}' ><h3 style=\"font-weight:bold;margin-bottom:10px;\">Conseil en investissement<\/h3><\/div><\/div>\n\t<div class=\"wpb_text_column wpb_content_element  vc_custom_1598189624360\" >\n\t\t<div class=\"wpb_wrapper\">\n\t\t\t\n\t\t<\/div>\n\t<\/div>\n<style type=\"text\/css\" data-type=\"the7_shortcodes-inline-css\">#default-btn-b9e7840e326d0857ef8fc3ca6e4d6fdc.ico-right-side > i {\n  margin-right: 0px;\n  margin-left: 8px;\n}\n#default-btn-b9e7840e326d0857ef8fc3ca6e4d6fdc > i {\n  margin-right: 8px;\n}\n#default-btn-b9e7840e326d0857ef8fc3ca6e4d6fdc * {\n  vertical-align: middle;\n}\n<\/style><a href=\"https:\/\/www.erza.com.tr\/fr\/hizmetlerimiz\/\" class=\"default-btn-shortcode dt-btn dt-btn-s link-hover-off red-button btn-inline-left\" id=\"default-btn-b9e7840e326d0857ef8fc3ca6e4d6fdc\" title=\"Prestations de service\"><span>Prestations de service<\/span><\/a><\/div><\/div><\/div><div class=\"wpb_column vc_column_container vc_col-sm-4\"><div class=\"vc_column-inner vc_custom_1493730776714\"><div class=\"wpb_wrapper\"><style type=\"text\/css\" data-type=\"the7_shortcodes-inline-css\">.shortcode-single-image-wrap.shortcode-single-image-dd9dc3879907500fe3d6e66ffc0d562e.enable-bg-rollover .rollover i,\n.shortcode-single-image-wrap.shortcode-single-image-dd9dc3879907500fe3d6e66ffc0d562e.enable-bg-rollover .rollover-video i {\n  background: ;\n  background: -webkit-linear-gradient();\n  background: linear-gradient();\n}\n.shortcode-single-image-wrap.shortcode-single-image-dd9dc3879907500fe3d6e66ffc0d562e .rollover-icon {\n  font-size: 32px;\n  color: #ffffff;\n  min-width: 44px;\n  min-height: 44px;\n  line-height: 44px;\n  border-radius: 100px;\n  border-style: solid;\n  border-width: 0px;\n}\n.dt-icon-bg-on.shortcode-single-image-wrap.shortcode-single-image-dd9dc3879907500fe3d6e66ffc0d562e .rollover-icon {\n  background: rgba(255,255,255,0.3);\n  box-shadow: none;\n}\n<\/style><div class=\"shortcode-single-image-wrap shortcode-single-image-dd9dc3879907500fe3d6e66ffc0d562e alignnone  vc_custom_1599310819204 enable-bg-rollover dt-icon-bg-off\" ><div class=\"shortcode-single-image\"><div class=\"fancy-media-wrap\" style=\"\"><a href=\"#\" class=\"layzr-bg rollover\" style=\"\" aria-label=\"Image\"><img class=\"preload-me lazy-load\" src=\"data:image\/svg+xml,%3Csvg%20xmlns%3D&#39;http%3A%2F%2Fwww.w3.org%2F2000%2Fsvg&#39;%20viewBox%3D&#39;0%200%20366%20244&#39;%2F%3E\" data-src=\"https:\/\/www.erza.com.tr\/wp-content\/uploads\/2020\/09\/WhatsApp-Image-2020-09-05-at-15.51.35-1-1-366x244.jpeg\" data-srcset=\"https:\/\/www.erza.com.tr\/wp-content\/uploads\/2020\/09\/WhatsApp-Image-2020-09-05-at-15.51.35-1-1-366x244.jpeg 366w\" width=\"366\" height=\"244\"  data-dt-location=\"https:\/\/www.erza.com.tr\/fr\/home\/whatsapp-image-2020-09-05-at-15-51-35-1-2\/\" alt=\"\" \/><\/a><\/div><\/div><\/div><div id=\"ultimate-heading-613569e4c62fc7806\" class=\"uvc-heading ult-adjust-bottom-margin ultimate-heading-613569e4c62fc7806 uvc-1560\" data-hspacer=\"no_spacer\"  data-halign=\"left\" style=\"text-align:left\"><div class=\"uvc-heading-spacer no_spacer\" style=\"top\"><\/div><div class=\"uvc-main-heading ult-responsive\"  data-ultimate-target='.uvc-heading.ultimate-heading-613569e4c62fc7806 h3'  data-responsive-json-new='{\"font-size\":\"desktop:18px;\",\"line-height\":\"desktop:28px;\"}' ><h3 style=\"font-weight:bold;margin-bottom:10px;\">Commerce ext\u00e9rieur<\/h3><\/div><\/div>\n\t<div class=\"wpb_text_column wpb_content_element  vc_custom_1598189765484\" >\n\t\t<div class=\"wpb_wrapper\">\n\t\t\t\n\t\t<\/div>\n\t<\/div>\n<style type=\"text\/css\" data-type=\"the7_shortcodes-inline-css\">#default-btn-b9e7840e326d0857ef8fc3ca6e4d6fdc.ico-right-side > i {\n  margin-right: 0px;\n  margin-left: 8px;\n}\n#default-btn-b9e7840e326d0857ef8fc3ca6e4d6fdc > i {\n  margin-right: 8px;\n}\n#default-btn-b9e7840e326d0857ef8fc3ca6e4d6fdc * {\n  vertical-align: middle;\n}\n<\/style><a href=\"https:\/\/www.erza.com.tr\/fr\/hizmetlerimiz\/\" class=\"default-btn-shortcode dt-btn dt-btn-s link-hover-off red-button btn-inline-left\" id=\"default-btn-b9e7840e326d0857ef8fc3ca6e4d6fdc\" title=\"Prestations de service\"><span>Prestations de service<\/span><\/a><\/div><\/div><\/div><\/div><div class=\"vc_row wpb_row vc_row-fluid vc_custom_1599313248003\"><div class=\"wpb_column vc_column_container vc_col-sm-8\"><div class=\"vc_column-inner\"><div class=\"wpb_wrapper\"><div id=\"ultimate-heading-989669e4c62fc80ab\" class=\"uvc-heading ult-adjust-bottom-margin ultimate-heading-989669e4c62fc80ab uvc-3404\" data-hspacer=\"no_spacer\"  data-halign=\"left\" style=\"text-align:left\"><div class=\"uvc-heading-spacer no_spacer\" style=\"top\"><\/div><div class=\"uvc-main-heading ult-responsive\"  data-ultimate-target='.uvc-heading.ultimate-heading-989669e4c62fc80ab h2'  data-responsive-json-new='{\"font-size\":\"desktop:32px;\",\"line-height\":\"desktop:42px;\"}' ><h2 style=\"font-weight:bold;color:#ffffff;margin-bottom:20px;\">Nous contacter<\/h2><\/div><\/div><style type=\"text\/css\" data-type=\"the7_shortcodes-inline-css\">#default-btn-4c3e4ebda7eb6c3bfae4dc620eaa8355.ico-right-side > i {\n  margin-right: 0px;\n  margin-left: 8px;\n}\n#default-btn-4c3e4ebda7eb6c3bfae4dc620eaa8355 > i {\n  margin-right: 8px;\n}\n#default-btn-4c3e4ebda7eb6c3bfae4dc620eaa8355 * {\n  vertical-align: middle;\n}\n<\/style><div class=\"btn-align-left\"><a href=\"#\" class=\"default-btn-shortcode dt-btn dt-btn-m link-hover-off\" id=\"default-btn-4c3e4ebda7eb6c3bfae4dc620eaa8355\"><span>Contact<\/span><\/a><\/div><\/div><\/div><\/div><\/div><!-- Row Backgrounds --><div class=\"upb_bg_img\" data-ultimate-bg=\"url(https:\/\/www.erza.com.tr\/wp-content\/uploads\/2020\/01\/con002-scaled-1.jpg)\" data-image-id=\"id^1087|url^https:\/\/www.erza.com.tr\/wp-content\/uploads\/2020\/01\/con002-scaled-1.jpg|caption^null|alt^null|title^con002|description^null\" data-ultimate-bg-style=\"vcpb-default\" data-bg-img-repeat=\"no-repeat\" data-bg-img-size=\"cover\" data-bg-img-position=\"\" data-parallx_sense=\"30\" data-bg-override=\"full\" data-bg_img_attach=\"scroll\" data-upb-overlay-color=\"rgba(0,0,0,0.5)\" data-upb-bg-animation=\"\" data-fadeout=\"\" data-bg-animation=\"left-animation\" data-bg-animation-type=\"h\" data-animation-repeat=\"repeat\" data-fadeout-percentage=\"30\" data-parallax-content=\"\" data-parallax-content-sense=\"30\" data-row-effect-mobile-disable=\"true\" data-img-parallax-mobile-disable=\"true\" data-rtl=\"false\"  data-custom-vc-row=\"\"  data-vc=\"7.6\"  data-is_old_vc=\"\"  data-theme-support=\"\"   data-overlay=\"true\" data-overlay-color=\"rgba(0,0,0,0.5)\" data-overlay-pattern=\"\" data-overlay-pattern-opacity=\"0.8\" data-overlay-pattern-size=\"\" data-overlay-pattern-attachment=\"scroll\"     data-hide-row=\" uvc_hidden-lg  uvc_hidden-ml  uvc_hidden-md  uvc_hidden-sm  uvc_hidden-xs  uvc_hidden-xsl \" ><\/div>\n<\/div>","protected":false},"excerpt":{"rendered":"<p>Hizmetlerimiz\u0130n\u015faat Taahh\u00fct Yat\u0131r\u0131m Dan\u0131\u015fmanl\u0131\u011f\u0131 D\u0131\u015f Ticaret Bize Ula\u015f\u0131n<\/p>","protected":false},"author":1,"featured_media":0,"parent":0,"menu_order":0,"comment_status":"closed","ping_status":"closed","template":"","meta":[],"_links":{"self":[{"href":"https:\/\/www.erza.com.tr\/fr\/wp-json\/wp\/v2\/pages\/1207"}],"collection":[{"href":"https:\/\/www.erza.com.tr\/fr\/wp-json\/wp\/v2\/pages"}],"about":[{"href":"https:\/\/www.erza.com.tr\/fr\/wp-json\/wp\/v2\/types\/page"}],"author":[{"embeddable":true,"href":"https:\/\/www.erza.com.tr\/fr\/wp-json\/wp\/v2\/users\/1"}],"replies":[{"embeddable":true,"href":"https:\/\/www.erza.com.tr\/fr\/wp-json\/wp\/v2\/comments?post=1207"}],"version-history":[{"count":15,"href":"https:\/\/www.erza.com.tr\/fr\/wp-json\/wp\/v2\/pages\/1207\/revisions"}],"predecessor-version":[{"id":1347,"href":"https:\/\/www.erza.com.tr\/fr\/wp-json\/wp\/v2\/pages\/1207\/revisions\/1347"}],"wp:attachment":[{"href":"https:\/\/www.erza.com.tr\/fr\/wp-json\/wp\/v2\/media?parent=1207"}],"curies":[{"name":"wp","href":"https:\/\/api.w.org\/{rel}","templated":true}]}}