{"id":154,"date":"2016-06-23T11:12:53","date_gmt":"2016-06-23T10:12:53","guid":{"rendered":"https:\/\/the7.io\/construction\/?page_id=154"},"modified":"2020-09-05T16:44:32","modified_gmt":"2020-09-05T13:44:32","slug":"hakkimizda","status":"publish","type":"page","link":"https:\/\/www.erza.com.tr\/en\/hakkimizda\/","title":{"rendered":"About Us"},"content":{"rendered":"<div class=\"wpb-content-wrapper\"><div class=\"vc_row wpb_row vc_row-fluid\"><div class=\"wpb_column vc_column_container vc_col-sm-12\"><div class=\"vc_column-inner\"><div class=\"wpb_wrapper\">\n\t<div class=\"wpb_text_column wpb_content_element\" >\n\t\t<div class=\"wpb_wrapper\">\n\t\t\t<p>Erza Gayrimenkul Yat\u0131r\u0131m Turizm company was founded in 2020 by Civil Engineer Erol Durdu and Electronics Engineer R\u0131za Durdu, based in Istanbul. The partners of Erza Company started their activities in 1990 as Istek construction.<\/p>\n<p style=\"font-weight: 400;\">Partners joined Istek Companies group, which was a family business in 1992, and became a manager. The partners of the company, combining their 30 years of experience in business life, have worked nationally and globally, especially in real estate development and foreign trade. It aimed to enlarge the Istek Brand in scale.<\/p>\n<p>Our company main activities:<\/p>\n<ul>\n<li>Foreign Trade Consulting and Mediation<\/li>\n<li>Real-estate Development<\/li>\n<li>International Investment Consultancy<\/li>\n<li>Renewable Energy Investment Consultancy<\/li>\n<\/ul>\n<p>Erza with its technical staff continues to serve customers with the understanding of putting quality and trust first.<\/p>\n<p>Erza, b\u00fcnyesindeki teknik kadrosuyla, kalite ve g\u00fcveni \u00f6n planda tutan anlay\u0131\u015f\u0131yla m\u00fc\u015fterilerine hizmet vermektedir.<\/p>\n<p>Best Regards<\/p>\n<p>Erza Gayrimenkul Yat\u0131r\u0131m Turizm Ltd. \u015eti.<\/p>\n\n\t\t<\/div>\n\t<\/div>\n<\/div><\/div><\/div><\/div>\n<\/div>","protected":false},"excerpt":{"rendered":"<p>Erza Gayrimenkul Yat\u0131r\u0131m Turizm \u015firketi \u0130n\u015faat m\u00fchendisi Erol Durdu ve Elektronik m\u00fchendisi R\u0131za Durdu taraf\u0131ndan \u0130stanbul merkezli olarak 2020 y\u0131l\u0131nda kurulmu\u015ftur. Erza \u015eirket ortaklar\u0131 1990 y\u0131l\u0131nda \u0130stek in\u015faat olarak faaliyetlerine ba\u015flam\u0131\u015ft\u0131r.Ortaklar 1992 y\u0131l\u0131nda Aile i\u015fletmeleri olan \u0130stek \u015eirketler grubu b\u00fcnyesine kat\u0131larak \u00a0y\u00f6netici ve ortak olarak \u00a0g\u00f6rev alm\u0131\u015ft\u0131r.\u015eirket ortaklar\u0131 30 y\u0131ll\u0131k i\u015f hayat\u0131ndaki deneyimlerini birle\u015ftirerek ba\u015fta&hellip;<\/p>","protected":false},"author":1,"featured_media":0,"parent":0,"menu_order":1,"comment_status":"closed","ping_status":"closed","template":"","meta":[],"_links":{"self":[{"href":"https:\/\/www.erza.com.tr\/en\/wp-json\/wp\/v2\/pages\/154"}],"collection":[{"href":"https:\/\/www.erza.com.tr\/en\/wp-json\/wp\/v2\/pages"}],"about":[{"href":"https:\/\/www.erza.com.tr\/en\/wp-json\/wp\/v2\/types\/page"}],"author":[{"embeddable":true,"href":"https:\/\/www.erza.com.tr\/en\/wp-json\/wp\/v2\/users\/1"}],"replies":[{"embeddable":true,"href":"https:\/\/www.erza.com.tr\/en\/wp-json\/wp\/v2\/comments?post=154"}],"version-history":[{"count":8,"href":"https:\/\/www.erza.com.tr\/en\/wp-json\/wp\/v2\/pages\/154\/revisions"}],"predecessor-version":[{"id":1342,"href":"https:\/\/www.erza.com.tr\/en\/wp-json\/wp\/v2\/pages\/154\/revisions\/1342"}],"wp:attachment":[{"href":"https:\/\/www.erza.com.tr\/en\/wp-json\/wp\/v2\/media?parent=154"}],"curies":[{"name":"wp","href":"https:\/\/api.w.org\/{rel}","templated":true}]}}