{"id":1248,"date":"2020-08-23T13:04:32","date_gmt":"2020-08-23T10:04:32","guid":{"rendered":"https:\/\/www.erza.com.tr\/?page_id=1248"},"modified":"2020-09-05T16:31:17","modified_gmt":"2020-09-05T13:31:17","slug":"hizmetlerimiz","status":"publish","type":"page","link":"https:\/\/www.erza.com.tr\/en\/hizmetlerimiz\/","title":{"rendered":"Our Services"},"content":{"rendered":"<div class=\"wpb-content-wrapper\"><div class=\"vc_row wpb_row vc_row-fluid\"><div class=\"wpb_column vc_column_container vc_col-sm-12\"><div class=\"vc_column-inner\"><div class=\"wpb_wrapper\">\n\t<div  class=\"wpb_single_image wpb_content_element vc_align_left\">\n\t\t\n\t\t<figure class=\"wpb_wrapper vc_figure\">\n\t\t\t<div class=\"vc_single_image-wrapper   vc_box_border_grey\"><img width=\"1332\" height=\"850\" src=\"https:\/\/www.erza.com.tr\/wp-content\/uploads\/2020\/09\/WhatsApp-Image-2020-09-05-at-16.27.15.jpeg\" class=\"vc_single_image-img attachment-full\" alt=\"\" loading=\"lazy\" title=\"bg\" srcset=\"https:\/\/www.erza.com.tr\/wp-content\/uploads\/2020\/09\/WhatsApp-Image-2020-09-05-at-16.27.15.jpeg 1332w, https:\/\/www.erza.com.tr\/wp-content\/uploads\/2020\/09\/WhatsApp-Image-2020-09-05-at-16.27.15-300x191.jpeg 300w, https:\/\/www.erza.com.tr\/wp-content\/uploads\/2020\/09\/WhatsApp-Image-2020-09-05-at-16.27.15-1024x653.jpeg 1024w, https:\/\/www.erza.com.tr\/wp-content\/uploads\/2020\/09\/WhatsApp-Image-2020-09-05-at-16.27.15-768x490.jpeg 768w\" sizes=\"(max-width: 1332px) 100vw, 1332px\"  data-dt-location=\"https:\/\/www.erza.com.tr\/en\/home\/whatsapp-image-2020-09-05-at-16-27-15\/\" \/><\/div>\n\t\t<\/figure>\n\t<\/div>\n<\/div><\/div><\/div><\/div><div class=\"vc_row wpb_row vc_row-fluid\"><div class=\"wpb_column vc_column_container vc_col-sm-12\"><div class=\"vc_column-inner\"><div class=\"wpb_wrapper\">\n\t<div class=\"wpb_text_column wpb_content_element\" >\n\t\t<div class=\"wpb_wrapper\">\n\t\t\t<div class=\"et_pb_row et_pb_row_0\">\n<div class=\"et_pb_column et_pb_column_2_3 et_pb_column_0\">\n<div class=\"et_pb_text et_pb_module et_pb_bg_layout_light et_pb_text_align_left et_pb_text_0\">\n<div class=\"et_pb_text_inner\">\n<h2>Real-Estate Development and Construction Services<\/h2>\n<\/div>\n<\/div>\n<div class=\"et_pb_text et_pb_module et_pb_bg_layout_light et_pb_text_align_left et_pb_text_1\">\n<div class=\"et_pb_text_inner\">\n<ul>\n<li>Finding land suitable for construction, developing the land through either purchase or flat-for-land basis.<\/li>\n<li>Following and participating in the government and private sector tenders that are within our capabilities.<\/li>\n<li>Following the investment projects in our field and undertaking the construction and services of those projects as turn-key basis.<\/li>\n<li>Developing Projects within our field along with our business and solution partners.<\/li>\n<\/ul>\n<\/div>\n<\/div>\n<\/div>\n<div class=\"et_pb_column et_pb_column_1_3 et_pb_column_1 et_pb_column_empty\"><\/div>\n<\/div>\n<div class=\"et_pb_row et_pb_row_1\">\n<div class=\"et_pb_column et_pb_column_1_3 et_pb_column_2 et_pb_column_empty\"><\/div>\n<div class=\"et_pb_column et_pb_column_2_3 et_pb_column_3\">\n<div class=\"et_pb_text et_pb_module et_pb_bg_layout_light et_pb_text_align_left et_pb_text_2\">\n<div class=\"et_pb_text_inner\">\n<h2>International Investment Consultancy<\/h2>\n<\/div>\n<\/div>\n<div class=\"et_pb_text et_pb_module et_pb_bg_layout_light et_pb_text_align_left et_pb_text_3\">\n<div class=\"et_pb_text_inner\">\n<p>Firmam\u0131z yurt d\u0131\u015f\u0131nda ba\u015fta in\u015faat, gayrimenkul, yenilenebilir enerji sekt\u00f6rleri olmak \u00fczere yat\u0131r\u0131m yapmak isteyenlere dan\u0131\u015fmanl\u0131k hizmetleri vermektedir.<br \/>\nYurt d\u0131\u015f\u0131na a\u00e7\u0131lmak isteyen KOB\u0130\u2019ler i\u00e7in dan\u0131\u015fmanl\u0131k, pazar olu\u015fturmak, distirib\u00fct\u00f6rl\u00fck anla\u015fmalar\u0131 geli\u015ftirmektedir.<br \/>\nYurt d\u0131\u015f\u0131ndan \u00fclkemizde gayrimenkul almak isteyenler i\u00e7in www.areaturkey.com internet sitesini hayata ge\u00e7iren firmam\u0131z, ki\u015filerin b\u00fct\u00e7esine ve beklentilerine en uygun gayrimenkul\u00fc bulmalar\u0131 konusunda arac\u0131l\u0131k ve dan\u0131\u015fmanl\u0131k yapmaktad\u0131r.<br \/>\nYurt d\u0131\u015f\u0131ndan \u00fclkemize yat\u0131r\u0131m yapmak isteyen yabanc\u0131lar i\u00e7in arsa geli\u015ftirmek, yat\u0131r\u0131m a\u015famas\u0131nda mali, hukuki, teknik ve lojistik gibi konularda \u00e7\u00f6z\u00fcm ortaklar\u0131m\u0131zla birlikte yat\u0131r\u0131m dan\u0131\u015fmanl\u0131\u011f\u0131 hizmeti vermektedir.<\/p>\n<\/div>\n<\/div>\n<\/div>\n<\/div>\n<div class=\"et_pb_row et_pb_row_2\">\n<div class=\"et_pb_column et_pb_column_2_3 et_pb_column_4\">\n<div class=\"et_pb_text et_pb_module et_pb_bg_layout_light et_pb_text_align_left et_pb_text_4\">\n<div class=\"et_pb_text_inner\">\n<h2><\/h2>\n<h2>Renewable Energy Consultancy<\/h2>\n<\/div>\n<\/div>\n<div class=\"et_pb_text et_pb_module et_pb_bg_layout_light et_pb_text_align_left et_pb_text_5\">\n<div class=\"et_pb_text_inner\">\n<p>G\u00fcne\u015f enerjisi sistemlerinin projelendirilmesi, yer se\u00e7imi, gerekli yasal izinlerin al\u0131nmas\u0131, anahtar teslimi olarak kurulumlar\u0131n\u0131n tamamlanmas\u0131 konusunda dan\u0131\u015fmanl\u0131k hizmet vermekteyiz.<br \/>\nG\u00fcne\u015f enerjisi konusunda faliyet g\u00f6steren firmalar\u0131n ihtiya\u00e7 duyacaklar\u0131 do\u011fru \u00fcr\u00fcnlerin tedarik zincirinin olu\u015fturulmas\u0131, \u00fcretim konular\u0131 ile ilgili \u00fcr\u00fcnler i\u00e7in yurt d\u0131\u015f\u0131 pazar ara\u015ft\u0131rmas\u0131 yap\u0131lmas\u0131, distir\u00fcb\u00fct\u00f6rl\u00fck anla\u015fmalar\u0131 ger\u00e7ekle\u015ftirilmesi konular\u0131nda dan\u0131\u015fmanl\u0131k sa\u011flamaktay\u0131z.<\/p>\n<\/div>\n<\/div>\n<\/div>\n<\/div>\n\n\t\t<\/div>\n\t<\/div>\n<\/div><\/div><\/div><\/div>\n<\/div>","protected":false},"excerpt":{"rendered":"<p>Gayrimenkul Geli\u015ftirme \u0130n\u015faat Taahh\u00fct Hizmetleri \u015eirketimiz ad\u0131na in\u015faat yapmak \u00fczere arsa bulmak, sat\u0131n almak veya kat kar\u015f\u0131l\u0131\u011f\u0131 anla\u015fma yaparak projeleri tamamlamak \u015eirketimizin \u00e7al\u0131\u015fma alan\u0131na giren ihaleleri takip etmek, teklif vermek, sonu\u00e7land\u0131rmak \u00c7al\u0131\u015fma alan\u0131m\u0131za uygun \u00f6zel sekt\u00f6re y\u00f6nelik yat\u0131r\u0131m projelerini yurt i\u00e7i ve yurt d\u0131\u015f\u0131nda takip etmek; in\u015faat ile ilgili yat\u0131r\u0131mlar\u0131 anahtar teslimi \u00fcstlenmek Firmam\u0131z\u0131n \u00e7al\u0131\u015fma&hellip;<\/p>","protected":false},"author":1,"featured_media":0,"parent":0,"menu_order":0,"comment_status":"closed","ping_status":"closed","template":"","meta":[],"_links":{"self":[{"href":"https:\/\/www.erza.com.tr\/en\/wp-json\/wp\/v2\/pages\/1248"}],"collection":[{"href":"https:\/\/www.erza.com.tr\/en\/wp-json\/wp\/v2\/pages"}],"about":[{"href":"https:\/\/www.erza.com.tr\/en\/wp-json\/wp\/v2\/types\/page"}],"author":[{"embeddable":true,"href":"https:\/\/www.erza.com.tr\/en\/wp-json\/wp\/v2\/users\/1"}],"replies":[{"embeddable":true,"href":"https:\/\/www.erza.com.tr\/en\/wp-json\/wp\/v2\/comments?post=1248"}],"version-history":[{"count":5,"href":"https:\/\/www.erza.com.tr\/en\/wp-json\/wp\/v2\/pages\/1248\/revisions"}],"predecessor-version":[{"id":1335,"href":"https:\/\/www.erza.com.tr\/en\/wp-json\/wp\/v2\/pages\/1248\/revisions\/1335"}],"wp:attachment":[{"href":"https:\/\/www.erza.com.tr\/en\/wp-json\/wp\/v2\/media?parent=1248"}],"curies":[{"name":"wp","href":"https:\/\/api.w.org\/{rel}","templated":true}]}}